{"id":11,"date":"2015-05-05T19:01:14","date_gmt":"2015-05-05T19:01:14","guid":{"rendered":"http:\/\/matelasprincesse.com\/?page_id=11"},"modified":"2020-03-10T15:52:36","modified_gmt":"2020-03-10T15:52:36","slug":"about","status":"publish","type":"page","link":"https:\/\/matelassurmesure.ca\/fr\/about\/","title":{"rendered":"About Matelas Princesse"},"content":{"rendered":"<p><\/p>\n<h2 class=\"page-heading\">Notre Mission<\/h2>\n<p>Chez Princesse Sur Mesure, nous croyons que chaque personne m\u00e9rite un matelas fabriqu\u00e9 en fonctions de ses indications et pr\u00e9f\u00e9rences. Gr\u00e2ce \u00e0 notre processus en trois \u00e9tapes, nous disposons de toutes les informations n\u00e9cessaires pour fabriquer un matelas sur mesure qui vous permettra de dormir profond\u00e9ment toute la nuit. Nous sommes le seul d\u00e9taillant en Am\u00e9rique de Nord fabriquant des matelas sur mesure. Cela est possible parce que nous sommes le fabricant.<\/p>\n<h2 class=\"page-heading\">\u00c0 Propos du Fabriquant<\/h2>\n<p>Matelas Princesse Lt\u00e9e fabrique des matelas de qualit\u00e9 sup\u00e9rieure depuis 30 ans. Bas\u00e9e \u00e0 Montr\u00e9al, au Qu\u00e9bec, l\u2019entreprise Matelas Princesse est un leader de l\u2019industrie du sommeil en termes d\u2019innovation et de recherche et d\u00e9veloppement pour les matelas. Elle vend ses produits aux magasins de d\u00e9tail montr\u00e9alais et torontois et fournit de nombreux matelas industriels et commerciaux aux h\u00f4tels, aux h\u00f4pitaux et \u00e0 plusieurs autres institutions. Les matelas fabriqu\u00e9s par Matelas Princesse sont faits enti\u00e8rement au Qu\u00e9bec avec des pi\u00e8ces produites localement.<\/p>","protected":false},"excerpt":{"rendered":"<p>Notre Mission Chez Princesse Sur Mesure, nous croyons que chaque personne m\u00e9rite un matelas fabriqu\u00e9 en fonctions de ses indications et pr\u00e9f\u00e9rences. Gr\u00e2ce \u00e0 notre processus en trois \u00e9tapes, nous disposons de toutes les informations n\u00e9cessaires pour fabriquer un matelas sur mesure qui vous permettra de dormir profond\u00e9ment toute la nuit. Nous sommes le seul [&hellip;]<\/p>\n","protected":false},"author":1,"featured_media":2460,"parent":0,"menu_order":1,"comment_status":"open","ping_status":"open","template":"template-book.php","meta":[],"_links":{"self":[{"href":"https:\/\/matelassurmesure.ca\/fr\/wp-json\/wp\/v2\/pages\/11"}],"collection":[{"href":"https:\/\/matelassurmesure.ca\/fr\/wp-json\/wp\/v2\/pages"}],"about":[{"href":"https:\/\/matelassurmesure.ca\/fr\/wp-json\/wp\/v2\/types\/page"}],"author":[{"embeddable":true,"href":"https:\/\/matelassurmesure.ca\/fr\/wp-json\/wp\/v2\/users\/1"}],"replies":[{"embeddable":true,"href":"https:\/\/matelassurmesure.ca\/fr\/wp-json\/wp\/v2\/comments?post=11"}],"version-history":[{"count":4,"href":"https:\/\/matelassurmesure.ca\/fr\/wp-json\/wp\/v2\/pages\/11\/revisions"}],"predecessor-version":[{"id":2464,"href":"https:\/\/matelassurmesure.ca\/fr\/wp-json\/wp\/v2\/pages\/11\/revisions\/2464"}],"wp:featuredmedia":[{"embeddable":true,"href":"https:\/\/matelassurmesure.ca\/fr\/wp-json\/wp\/v2\/media\/2460"}],"wp:attachment":[{"href":"https:\/\/matelassurmesure.ca\/fr\/wp-json\/wp\/v2\/media?parent=11"}],"curies":[{"name":"wp","href":"https:\/\/api.w.org\/{rel}","templated":true}]}}