{"id":13,"date":"2015-05-05T19:01:22","date_gmt":"2015-05-05T19:01:22","guid":{"rendered":"http:\/\/matelasprincesse.com\/?page_id=13"},"modified":"2020-03-10T15:53:34","modified_gmt":"2020-03-10T15:53:34","slug":"contact-us","status":"publish","type":"page","link":"https:\/\/matelassurmesure.ca\/fr\/contact-us\/","title":{"rendered":"Contact Us"},"content":{"rendered":"<p>Il nous fait plaisir d\u2019avoir de vos nouvelles. N\u2019h\u00e9sitez pas \u00e0 nous appeler ou \u00e0 nous envoyer un courriel si vous avez des questions sur nos produits. Joignez-vous \u00e0 notre blog pour recevoir des astuces sommeil, des nouveaut\u00e9s matelas, et des suggestions de livres et de films qui pr\u00e9parent bien au sommeil.<\/p>","protected":false},"excerpt":{"rendered":"<p>Il nous fait plaisir d\u2019avoir de vos nouvelles. N\u2019h\u00e9sitez pas \u00e0 nous appeler ou \u00e0 nous envoyer un courriel si vous avez des questions sur nos produits. Joignez-vous \u00e0 notre blog pour recevoir des astuces sommeil, des nouveaut\u00e9s matelas, et des suggestions de livres et de films qui pr\u00e9parent bien au sommeil.<\/p>\n","protected":false},"author":1,"featured_media":0,"parent":0,"menu_order":4,"comment_status":"open","ping_status":"closed","template":"template-contact.php","meta":[],"_links":{"self":[{"href":"https:\/\/matelassurmesure.ca\/fr\/wp-json\/wp\/v2\/pages\/13"}],"collection":[{"href":"https:\/\/matelassurmesure.ca\/fr\/wp-json\/wp\/v2\/pages"}],"about":[{"href":"https:\/\/matelassurmesure.ca\/fr\/wp-json\/wp\/v2\/types\/page"}],"author":[{"embeddable":true,"href":"https:\/\/matelassurmesure.ca\/fr\/wp-json\/wp\/v2\/users\/1"}],"replies":[{"embeddable":true,"href":"https:\/\/matelassurmesure.ca\/fr\/wp-json\/wp\/v2\/comments?post=13"}],"version-history":[{"count":1,"href":"https:\/\/matelassurmesure.ca\/fr\/wp-json\/wp\/v2\/pages\/13\/revisions"}],"predecessor-version":[{"id":2484,"href":"https:\/\/matelassurmesure.ca\/fr\/wp-json\/wp\/v2\/pages\/13\/revisions\/2484"}],"wp:attachment":[{"href":"https:\/\/matelassurmesure.ca\/fr\/wp-json\/wp\/v2\/media?parent=13"}],"curies":[{"name":"wp","href":"https:\/\/api.w.org\/{rel}","templated":true}]}}