{"id":1792,"date":"2015-06-11T15:38:30","date_gmt":"2015-06-11T15:38:30","guid":{"rendered":"http:\/\/matelasprincesse.com\/?page_id=1792"},"modified":"2020-03-10T15:53:03","modified_gmt":"2020-03-10T15:53:03","slug":"bedding-accessories","status":"publish","type":"page","link":"https:\/\/matelassurmesure.ca\/fr\/bedding-accessories\/","title":{"rendered":"Accessoire de literie"},"content":{"rendered":"<p>Bon sommeil ne vient pas seulement d&rsquo;un matelas. Tout d&rsquo;oreillers , draps , couettes et environnement global de chambre joue un r\u00f4le majeur en aidant \u00e0 vous d\u00e9tendre et dormir toute la nuit . Chez Matelas Princesse , nous nous occupons de tout, des oreillers pour les bougies , nous allons faire certain que votre chambre vous rend somnolent.<\/p>","protected":false},"excerpt":{"rendered":"<p>Bon sommeil ne vient pas seulement d&rsquo;un matelas. Tout d&rsquo;oreillers , draps , couettes et environnement global de chambre joue un r\u00f4le majeur en aidant \u00e0 vous d\u00e9tendre et dormir toute la nuit . Chez Matelas Princesse , nous nous occupons de tout, des oreillers pour les bougies , nous allons faire certain que votre [&hellip;]<\/p>\n","protected":false},"author":1,"featured_media":0,"parent":0,"menu_order":5,"comment_status":"open","ping_status":"open","template":"template-book.php","meta":[],"_links":{"self":[{"href":"https:\/\/matelassurmesure.ca\/fr\/wp-json\/wp\/v2\/pages\/1792"}],"collection":[{"href":"https:\/\/matelassurmesure.ca\/fr\/wp-json\/wp\/v2\/pages"}],"about":[{"href":"https:\/\/matelassurmesure.ca\/fr\/wp-json\/wp\/v2\/types\/page"}],"author":[{"embeddable":true,"href":"https:\/\/matelassurmesure.ca\/fr\/wp-json\/wp\/v2\/users\/1"}],"replies":[{"embeddable":true,"href":"https:\/\/matelassurmesure.ca\/fr\/wp-json\/wp\/v2\/comments?post=1792"}],"version-history":[{"count":5,"href":"https:\/\/matelassurmesure.ca\/fr\/wp-json\/wp\/v2\/pages\/1792\/revisions"}],"predecessor-version":[{"id":2487,"href":"https:\/\/matelassurmesure.ca\/fr\/wp-json\/wp\/v2\/pages\/1792\/revisions\/2487"}],"wp:attachment":[{"href":"https:\/\/matelassurmesure.ca\/fr\/wp-json\/wp\/v2\/media?parent=1792"}],"curies":[{"name":"wp","href":"https:\/\/api.w.org\/{rel}","templated":true}]}}