{"id":2407,"date":"2015-12-21T18:10:55","date_gmt":"2015-12-21T18:10:55","guid":{"rendered":"http:\/\/matelassurmesure.ca\/?page_id=2407"},"modified":"2018-05-14T17:04:11","modified_gmt":"2018-05-14T17:04:11","slug":"european-and-scandinavian-mattresses-sizes","status":"publish","type":"page","link":"https:\/\/matelassurmesure.ca\/fr\/custom-mattresses\/european-and-scandinavian-mattresses-sizes\/","title":{"rendered":"Tailles pour matelas europ\u00e9ens et scandinaves"},"content":{"rendered":"<p>La literie provenant d&rsquo;Italie, de France, du Royaume-Uni, du Portugal, d&rsquo;Allemagne, d&rsquo;Espagne ainsi que de tous les pays scandinaves requi\u00e8rent des matelas de taille sp\u00e9ciale.<\/p>\n<p>Param\u00e8tres \u00e0 prendre en compte lors de la mesure \/ la conception de votre lit europ\u00e9en ou scandinave:<br \/>\n&#8211; Mesurez le matelas existant (si vous en avez un) et le cadre de lit \/ la structure sur laquelle votre matelas est pos\u00e9.<br \/>\n&#8211; Avez-vous besoin d&rsquo;un sommier? Si oui, mesurez le sommier existant. Si vous ne poss\u00e9dez pas de sommier, mesurez le cadre sur lequel le sommier reposera.<br \/>\n&#8211; Quelle hauteur souhaitez-vous que votre lit atteigne? Cela peut d\u00e9pendre de quel genre de cadre ou de quel genre de t\u00eate de lit vous disposez ainsi que de vos pr\u00e9f\u00e9rences personnelles.<br \/>\n&#8211; De quel genre de cadre disposez-vous? Le support sur lequel repose votre matelas est primordial. Nous vous sugg\u00e9rons de prendre une photo de votre cadre de lit afin que nous puissions savoir de quel genre de soutien vous disposez. Nous pourrons ainsi vous indiquer si vous avez besoin d\u2019un cadre renforc\u00e9, d\u2019un sommier et nous vous sugg\u00e9rerons le meilleur matelas pour vous et votre dos.<\/p>\n<p>Si vous \u00eates \u00e0 la recherche d\u2019un matelas de taille europ\u00e9enne ou scandinave, appelez-nous pour prendre rendez-vous. Nous pouvons nous d\u00e9placer chez vous pour prendre les mesures si n\u00e9cessaire.<\/p>","protected":false},"excerpt":{"rendered":"<p>La literie provenant d&rsquo;Italie, de France, du Royaume-Uni, du Portugal, d&rsquo;Allemagne, d&rsquo;Espagne ainsi que de tous les pays scandinaves requi\u00e8rent des matelas de taille sp\u00e9ciale. Param\u00e8tres \u00e0 prendre en compte lors de la mesure \/ la conception de votre lit europ\u00e9en ou scandinave: &#8211; Mesurez le matelas existant (si vous en avez un) et le [&hellip;]<\/p>\n","protected":false},"author":1,"featured_media":2472,"parent":7,"menu_order":0,"comment_status":"open","ping_status":"open","template":"template-book-cta.php","meta":[],"_links":{"self":[{"href":"https:\/\/matelassurmesure.ca\/fr\/wp-json\/wp\/v2\/pages\/2407"}],"collection":[{"href":"https:\/\/matelassurmesure.ca\/fr\/wp-json\/wp\/v2\/pages"}],"about":[{"href":"https:\/\/matelassurmesure.ca\/fr\/wp-json\/wp\/v2\/types\/page"}],"author":[{"embeddable":true,"href":"https:\/\/matelassurmesure.ca\/fr\/wp-json\/wp\/v2\/users\/1"}],"replies":[{"embeddable":true,"href":"https:\/\/matelassurmesure.ca\/fr\/wp-json\/wp\/v2\/comments?post=2407"}],"version-history":[{"count":2,"href":"https:\/\/matelassurmesure.ca\/fr\/wp-json\/wp\/v2\/pages\/2407\/revisions"}],"predecessor-version":[{"id":2409,"href":"https:\/\/matelassurmesure.ca\/fr\/wp-json\/wp\/v2\/pages\/2407\/revisions\/2409"}],"up":[{"embeddable":true,"href":"https:\/\/matelassurmesure.ca\/fr\/wp-json\/wp\/v2\/pages\/7"}],"wp:featuredmedia":[{"embeddable":true,"href":"https:\/\/matelassurmesure.ca\/fr\/wp-json\/wp\/v2\/media\/2472"}],"wp:attachment":[{"href":"https:\/\/matelassurmesure.ca\/fr\/wp-json\/wp\/v2\/media?parent=2407"}],"curies":[{"name":"wp","href":"https:\/\/api.w.org\/{rel}","templated":true}]}}