{"id":2410,"date":"2015-12-21T18:13:57","date_gmt":"2015-12-21T18:13:57","guid":{"rendered":"http:\/\/matelassurmesure.ca\/?page_id=2410"},"modified":"2018-05-14T17:12:55","modified_gmt":"2018-05-14T17:12:55","slug":"hunting-and-camping-mattresses","status":"publish","type":"page","link":"https:\/\/matelassurmesure.ca\/fr\/custom-mattresses\/hunting-and-camping-mattresses\/","title":{"rendered":"Matelas pour la chasse et le camping"},"content":{"rendered":"<p>Notre gamme de matelas plein air et de surmatelas rendra votre exp\u00e9rience en plein air encore plus agr\u00e9able et confortable. Nous fabriquons des matelas r\u00e9sistants \u00e0 l&rsquo;eau et des surmatelas qui r\u00e9sistent \u00e0 la condensation. Les finitions sont faites avec un tissu en nylon imperm\u00e9able qui permet \u00e0 votre matelas de respirer et ainsi d\u2019emp\u00eacher le c\u0153ur de votre matelas d\u2019\u00eatre mouill\u00e9 tout en \u00e9liminant la formation de moisissures \u00e0 l\u2019int\u00e9rieur de celui-ci.<\/p>\n<p>Nous pouvons faire un matelas de la taille que vous d\u00e9sirez en fonction de votre tente ou de votre sac de couchage.<\/p>","protected":false},"excerpt":{"rendered":"<p>Notre gamme de matelas plein air et de surmatelas rendra votre exp\u00e9rience en plein air encore plus agr\u00e9able et confortable. Nous fabriquons des matelas r\u00e9sistants \u00e0 l&rsquo;eau et des surmatelas qui r\u00e9sistent \u00e0 la condensation. Les finitions sont faites avec un tissu en nylon imperm\u00e9able qui permet \u00e0 votre matelas de respirer et ainsi d\u2019emp\u00eacher [&hellip;]<\/p>\n","protected":false},"author":1,"featured_media":2474,"parent":7,"menu_order":0,"comment_status":"open","ping_status":"open","template":"template-book-cta.php","meta":[],"_links":{"self":[{"href":"https:\/\/matelassurmesure.ca\/fr\/wp-json\/wp\/v2\/pages\/2410"}],"collection":[{"href":"https:\/\/matelassurmesure.ca\/fr\/wp-json\/wp\/v2\/pages"}],"about":[{"href":"https:\/\/matelassurmesure.ca\/fr\/wp-json\/wp\/v2\/types\/page"}],"author":[{"embeddable":true,"href":"https:\/\/matelassurmesure.ca\/fr\/wp-json\/wp\/v2\/users\/1"}],"replies":[{"embeddable":true,"href":"https:\/\/matelassurmesure.ca\/fr\/wp-json\/wp\/v2\/comments?post=2410"}],"version-history":[{"count":2,"href":"https:\/\/matelassurmesure.ca\/fr\/wp-json\/wp\/v2\/pages\/2410\/revisions"}],"predecessor-version":[{"id":2412,"href":"https:\/\/matelassurmesure.ca\/fr\/wp-json\/wp\/v2\/pages\/2410\/revisions\/2412"}],"up":[{"embeddable":true,"href":"https:\/\/matelassurmesure.ca\/fr\/wp-json\/wp\/v2\/pages\/7"}],"wp:featuredmedia":[{"embeddable":true,"href":"https:\/\/matelassurmesure.ca\/fr\/wp-json\/wp\/v2\/media\/2474"}],"wp:attachment":[{"href":"https:\/\/matelassurmesure.ca\/fr\/wp-json\/wp\/v2\/media?parent=2410"}],"curies":[{"name":"wp","href":"https:\/\/api.w.org\/{rel}","templated":true}]}}