{"id":2419,"date":"2015-12-21T18:20:47","date_gmt":"2015-12-21T18:20:47","guid":{"rendered":"http:\/\/matelassurmesure.ca\/?page_id=2419"},"modified":"2018-05-14T17:13:16","modified_gmt":"2018-05-14T17:13:16","slug":"mattresses-for-waterbeds","status":"publish","type":"page","link":"https:\/\/matelassurmesure.ca\/fr\/custom-mattresses\/mattresses-for-waterbeds\/","title":{"rendered":"Matelas pour Lit \u00e0 Eau"},"content":{"rendered":"<p>Votre Lit \u00e0 Eau fuit ? Votre chambre sent le moisi et l\u2019humidit\u00e9 ? Vous en avez assez d\u2019avoir le mal de mer pendant que vous dormez? Nous pouvons remplacer votre lit \u00e0 eau avec un matelas en mousse ou un matelas \u00e0 ressorts standard.<\/p>\n<p>Param\u00e8tres \u00e0 prendre en compte lorsque vous mesurez \/ la conception de votre cadre de lit \u00e0 eau:<\/p>\n<p>&#8211; Lorsque vous mesurez votre Lit \u00e0 Eau, ne mesurez pas le matelas du Lit \u00e0 Eau mais mesurez plut\u00f4t l\u2019espace n\u00e9cessaire \u00e0 l\u2019installation de votre nouveau matelas.<br \/>\n&#8211; Quelle hauteur atteint le cadre de votre lit \u00e0 eau?<br \/>\n&#8211; Quelle hauteur souhaitez-vous que votre matelas atteigne?<br \/>\n&#8211; Prenez une photo de votre cadre de lit \u00e0 eau afin que nous prenions en compte tous les param\u00e8tres.<br \/>\n&#8211; Si la forme de votre matelas est ronde, il est important de mesurer le diam\u00e8tre avec l\u2019aide d\u2019une autre personne.<br \/>\n&#8211; Quel est le type de soutien dont votre cadre de lit \u00e0 eau dispose?<\/p>\n<p>Si vous cherchez \u00e0 remplacer votre lit \u00e0 eau avec un matelas standard, appelez-nous pour prendre rendez-vous. Nous pouvons nous d\u00e9placer chez vous pour prendre les mesures si n\u00e9cessaire.<br \/>\nNous ne fabriquons pas de matelas avec de l&rsquo;eau \u00e0 l\u2019int\u00e9rieur.<\/p>","protected":false},"excerpt":{"rendered":"<p>Votre Lit \u00e0 Eau fuit ? Votre chambre sent le moisi et l\u2019humidit\u00e9 ? Vous en avez assez d\u2019avoir le mal de mer pendant que vous dormez? Nous pouvons remplacer votre lit \u00e0 eau avec un matelas en mousse ou un matelas \u00e0 ressorts standard. Param\u00e8tres \u00e0 prendre en compte lorsque vous mesurez \/ la [&hellip;]<\/p>\n","protected":false},"author":1,"featured_media":2477,"parent":7,"menu_order":0,"comment_status":"open","ping_status":"open","template":"template-book-cta.php","meta":[],"_links":{"self":[{"href":"https:\/\/matelassurmesure.ca\/fr\/wp-json\/wp\/v2\/pages\/2419"}],"collection":[{"href":"https:\/\/matelassurmesure.ca\/fr\/wp-json\/wp\/v2\/pages"}],"about":[{"href":"https:\/\/matelassurmesure.ca\/fr\/wp-json\/wp\/v2\/types\/page"}],"author":[{"embeddable":true,"href":"https:\/\/matelassurmesure.ca\/fr\/wp-json\/wp\/v2\/users\/1"}],"replies":[{"embeddable":true,"href":"https:\/\/matelassurmesure.ca\/fr\/wp-json\/wp\/v2\/comments?post=2419"}],"version-history":[{"count":2,"href":"https:\/\/matelassurmesure.ca\/fr\/wp-json\/wp\/v2\/pages\/2419\/revisions"}],"predecessor-version":[{"id":2421,"href":"https:\/\/matelassurmesure.ca\/fr\/wp-json\/wp\/v2\/pages\/2419\/revisions\/2421"}],"up":[{"embeddable":true,"href":"https:\/\/matelassurmesure.ca\/fr\/wp-json\/wp\/v2\/pages\/7"}],"wp:featuredmedia":[{"embeddable":true,"href":"https:\/\/matelassurmesure.ca\/fr\/wp-json\/wp\/v2\/media\/2477"}],"wp:attachment":[{"href":"https:\/\/matelassurmesure.ca\/fr\/wp-json\/wp\/v2\/media?parent=2419"}],"curies":[{"name":"wp","href":"https:\/\/api.w.org\/{rel}","templated":true}]}}