{"id":2422,"date":"2015-12-21T18:22:00","date_gmt":"2015-12-21T18:22:00","guid":{"rendered":"http:\/\/matelassurmesure.ca\/?page_id=2422"},"modified":"2018-05-14T17:13:04","modified_gmt":"2018-05-14T17:13:04","slug":"mattresses-for-cribs-playpens-and-cradles","status":"publish","type":"page","link":"https:\/\/matelassurmesure.ca\/fr\/custom-mattresses\/mattresses-for-cribs-playpens-and-cradles\/","title":{"rendered":"Matelas pour lits \u00e0 barreaux, berceaux et parcs pour enfants"},"content":{"rendered":"<p>Nous faisons des matelas s\u00fbrs, non toxiques, de toute taille et personnalis\u00e9s pour les lits de vos enfants. Nous utilisons du latex naturel ou encore des \u00e9co-mousses \u00e0 base de soja. Le tout est fini avec des mat\u00e9riaux de qualit\u00e9 tels que du bambou ou du tissu en coton organique.<\/p>","protected":false},"excerpt":{"rendered":"<p>Nous faisons des matelas s\u00fbrs, non toxiques, de toute taille et personnalis\u00e9s pour les lits de vos enfants. Nous utilisons du latex naturel ou encore des \u00e9co-mousses \u00e0 base de soja. Le tout est fini avec des mat\u00e9riaux de qualit\u00e9 tels que du bambou ou du tissu en coton organique.<\/p>\n","protected":false},"author":1,"featured_media":2483,"parent":7,"menu_order":0,"comment_status":"open","ping_status":"open","template":"template-book-cta.php","meta":[],"_links":{"self":[{"href":"https:\/\/matelassurmesure.ca\/fr\/wp-json\/wp\/v2\/pages\/2422"}],"collection":[{"href":"https:\/\/matelassurmesure.ca\/fr\/wp-json\/wp\/v2\/pages"}],"about":[{"href":"https:\/\/matelassurmesure.ca\/fr\/wp-json\/wp\/v2\/types\/page"}],"author":[{"embeddable":true,"href":"https:\/\/matelassurmesure.ca\/fr\/wp-json\/wp\/v2\/users\/1"}],"replies":[{"embeddable":true,"href":"https:\/\/matelassurmesure.ca\/fr\/wp-json\/wp\/v2\/comments?post=2422"}],"version-history":[{"count":2,"href":"https:\/\/matelassurmesure.ca\/fr\/wp-json\/wp\/v2\/pages\/2422\/revisions"}],"predecessor-version":[{"id":2424,"href":"https:\/\/matelassurmesure.ca\/fr\/wp-json\/wp\/v2\/pages\/2422\/revisions\/2424"}],"up":[{"embeddable":true,"href":"https:\/\/matelassurmesure.ca\/fr\/wp-json\/wp\/v2\/pages\/7"}],"wp:featuredmedia":[{"embeddable":true,"href":"https:\/\/matelassurmesure.ca\/fr\/wp-json\/wp\/v2\/media\/2483"}],"wp:attachment":[{"href":"https:\/\/matelassurmesure.ca\/fr\/wp-json\/wp\/v2\/media?parent=2422"}],"curies":[{"name":"wp","href":"https:\/\/api.w.org\/{rel}","templated":true}]}}